{"id":280,"date":"2018-05-10T11:11:20","date_gmt":"2018-05-10T09:11:20","guid":{"rendered":"http:\/\/www.metzgerei-schaufler.de\/?page_id=280"},"modified":"2019-10-19T13:31:10","modified_gmt":"2019-10-19T11:31:10","slug":"datenschutzerklaerung","status":"publish","type":"page","link":"https:\/\/www.metzgerei-schaufler.de\/?page_id=280","title":{"rendered":"Datenschutzerkl\u00e4rung"},"content":{"rendered":"<p><strong>Datenschutzerkl\u00e4rung<\/strong><\/p>\n<p>Soweit nachstehend keine anderen Angaben gemacht werden, ist die Bereitstellung Ihrer personenbezogenen Daten weder gesetzlich oder vertraglich vorgeschrieben, noch f\u00fcr einen Vertragsabschluss erforderlich. Sie sind zur Bereitstellung der Daten nicht verpflichtet. Eine Nichtbereitstellung hat keine Folgen. Dies gilt nur soweit bei den nachfolgenden Verarbeitungsvorg\u00e4ngen keine anderweitige Angabe gemacht wird.<br \/>\n&#8222;Personenbezogene Daten&#8220; sind alle Informationen, die sich auf eine identifizierte oder identifizierbare nat\u00fcrliche Person beziehen.<\/p>\n<p><strong>Server-Logfiles<\/strong>Sie k\u00f6nnen unsere Webseiten besuchen, ohne Angaben zu Ihrer Person zu machen.&nbsp;Bei jedem Zugriff auf unsere Website werden an uns oder unseren Webhoster \/ IT-Dienstleister Nutzungsdaten durch Ihren Internet Browser \u00fcbermittelt und in Protokolldaten (sog. Server-Logfiles) gespeichert. Zu diesen gespeicherten Daten geh\u00f6ren z.B. der Name der aufgerufenen Seite, Datum und Uhrzeit des Abrufs, die IP-Adresse, die \u00fcbertragene Datenmenge und der anfragende Provider. Die Verarbeitung erfolgt auf Grundlage des Art. 6 Abs. 1 lit. f DSGVO aus unserem \u00fcberwiegenden berechtigten Interesse an der Gew\u00e4hrleistung eines st\u00f6rungsfreien Betriebs unserer Website sowie zur Verbesserung unseres Angebotes.&nbsp;<br \/>\n&nbsp;<br \/>\n<strong>Bestellungen&nbsp;&nbsp;&nbsp;&nbsp;&nbsp;&nbsp;<\/strong><\/p>\n<p><strong>Erhebung, Verarbeitung und Weitergabe personenbezogener Daten bei Bestellungen<\/strong>Bei der Bestellung erheben und verarbeiten wir Ihre personenbezogenen Daten nur, soweit dies zur Erf\u00fcllung und Abwicklung Ihrer Bestellung sowie zur Bearbeitung Ihrer Anfragen erforderlich ist. Die Bereitstellung der Daten ist f\u00fcr den Vertragsschluss erforderlich. Eine Nichtbereitstellung hat zur Folge, dass kein Vertrag geschlossen werden kann. Die Verarbeitung erfolgt auf Grundlage des Art. 6 Abs. 1 lit. b DSGVO und ist f\u00fcr die Erf\u00fcllung eines Vertrags mit Ihnen erforderlich.&nbsp;Eine Weitergabe Ihrer Daten erfolgt dabei beispielsweise an die von Ihnen gew\u00e4hlten Versandunternehmen und Dropshipping Anbieter, Zahlungsdienstleister, Diensteanbieter f\u00fcr die Bestellabwicklung und IT-Dienstleister. In allen F\u00e4llen beachten wir strikt die gesetzlichen Vorgaben. Der Umfang der Daten\u00fcbermittlung beschr\u00e4nkt sich auf ein Mindestma\u00df.<br \/>\n&nbsp;<br \/>\n<strong> Zahlungsdienstleister&nbsp;&nbsp;&nbsp;&nbsp;&nbsp;&nbsp;<\/strong><\/p>\n<p><strong>Verwendung von PayPal<\/strong><br \/>\nAlle PayPal-Transaktionen unterliegen der PayPal-Datenschutzerkl\u00e4rung. Diese finden Sie unter&nbsp;<a href=\"https:\/\/www.paypal.com\/de\/webapps\/mpp\/ua\/privacy-full\" target=\"_blank\" rel=\"noopener noreferrer\">https:\/\/www.paypal.com\/de\/webapps\/mpp\/ua\/privacy-full<\/a><\/p>\n<p><strong>Verwendung von Amazon Payments<\/strong>Wir verwenden auf unserer Website den Zahlungsdienst Amazon Payments der Amazon Payments Europe s.c.a. (38 avenue John F. Kennedy, L-1855 Luxemburg; \u201cAmazon Payments\u201d).Zur Einbindung dieses Zahlungsdienstes ist es erforderlich, dass Amazon Payments beim Aufruf der Website Daten (z.B. IP-Adresse, Ger\u00e4tetyp, Betriebssystem, Browsertyp, Standort Ihres Ger\u00e4ts)sammelt, speichert und analysiert . Hierzu k\u00f6nnen auch Cookies eingesetzt werden. Die Cookies erm\u00f6glichen die Wiedererkennung Ihres Browsers. Die Datenverarbeitung dient dem Zweck, Ihnen die Zahlung \u00fcber den Zahlungsdienst Amazon Payments anbieten zu k\u00f6nnen.&nbsp;Diese Datenverarbeitung erfolgt auf Grundlage des Art. 6 Abs. 1 lit. f DSGVO aus unserem \u00fcberwiegenden berechtigten Interesse an einem kundenorientierten Angebot von verschiedenen Zahlarten.Mit Auswahl und Nutzung von \u201cAmazon Payments\u201d werden die zur Zahlungsabwicklung erforderlichen Daten an Amazon Payments \u00fcbermittelt, um den Vertrag mit Ihnen mit der gew\u00e4hlten Zahlart erf\u00fcllen zu k\u00f6nnen. Diese Verarbeitung erfolgt auf Grundlage des Art. 6 Abs. 1 lit. b DSGVO.N\u00e4here Informationen zur Datenverarbeitung bei Verwendung des Zahlungsdienstes Amazon Payments finden Sie in der dazugeh\u00f6rigen Datenschutzerkl\u00e4rung hier: <a href=\"https:\/\/pay.amazon.com\/de\/help\/201212490\" target=\"_blank\" rel=\"noopener noreferrer\">https:\/\/pay.amazon.com\/de\/help\/201212490<\/a><br \/>\n&nbsp;<br \/>\n<strong>Betroffenenrechte und Speicherdauer<\/strong><\/p>\n<p><strong>Dauer der Speicherung<\/strong><br \/>\nNach vollst\u00e4ndiger Vertragsabwicklung werden die Daten zun\u00e4chst f\u00fcr die Dauer der Gew\u00e4hrleistungsfrist, danach unter Ber\u00fccksichtigung gesetzlicher, insbesondere steuer- und handelsrechtlicher Aufbewahrungsfristen gespeichert und dann nach Fristablauf gel\u00f6scht, sofern Sie der weitergehenden Verarbeitung und Nutzung nicht zugestimmt haben.<\/p>\n<p><strong>Rechte der betroffenen Person<\/strong><br \/>\nIhnen stehen bei Vorliegen der gesetzlichen Voraussetzungen folgende Rechte nach Artt. 15 bis 20 DSGVO zu: Recht auf Auskunft, auf Berichtigung, auf L\u00f6schung, auf Einschr\u00e4nkung der Verarbeitung, auf Daten\u00fcbertragbarkeit.<br \/>\nAu\u00dferdem steht Ihnen nach Art. 21 Abs. 1 DSGVO ein Widerspruchsrecht gegen die Verarbeitungen zu, die auf Art. 6 Abs. 1 f DSGVO beruhen, sowie gegen die Verarbeitung zum Zwecke von Direktwerbung.<\/p>\n<p>Kontaktieren Sie uns auf Wunsch. Die Kontaktdaten finden Sie in unserem Impressum.<\/p>\n<p><strong>Beschwerderecht bei der Aufsichtsbeh\u00f6rde<\/strong><br \/>\nSie haben gem\u00e4\u00df Art. 77 DSGVO das Recht, sich bei der Aufsichtsbeh\u00f6rde zu beschweren, wenn Sie der Ansicht sind, dass die Verarbeitung Ihrer personenbezogenen Daten nicht rechtm\u00e4\u00dfig erfolgt.<\/p>\n<p><strong>Widerspruchsrecht<\/strong><br \/>\nBeruhen die hier aufgef\u00fchrten personenbezogenen Datenverarbeitungen auf Grundlage unseres berechtigten Interesses nach Art. 6 Abs. 1 lit. f DSGVO, haben Sie das Recht aus Gr\u00fcnden, die sich aus Ihrer besonderen Situation ergeben, jederzeit diesen Verarbeitungen mit Wirkung f\u00fcr die Zukunft zu widersprechen.<br \/>\nNach erfolgtem Widerspruch wird die Verarbeitung der betroffenen Daten beendet, es sei denn, wir k\u00f6nnen zwingende schutzw\u00fcrdige Gr\u00fcnde f\u00fcr die Verarbeitung nachweisen, die Ihren Interessen, Rechten und Freiheiten \u00fcberwiegen, oder wenn die Verarbeitung der Geltendmachung, Aus\u00fcbung oder Verteidigung von Rechtsanspr\u00fcchen dient.<\/p>\n<p>Erfolgt die personenbezogene Datenverarbeitung zu Zwecken der Direktwerbung, k\u00f6nnen Sie dieser Verarbeitung jederzeit durch Mitteilung an uns widersprechen. Nach erfolgtem Widerspruch beenden wir die Verarbeitung der betroffenen Daten zum Zwecke der Direktwerbung.<\/p>\n<p>letzte Aktualisierung: 19.11.2018<\/p>\n","protected":false},"excerpt":{"rendered":"<p>Datenschutzerkl\u00e4rung Soweit nachstehend keine anderen Angaben gemacht werden, ist die Bereitstellung Ihrer personenbezogenen Daten weder gesetzlich oder vertraglich vorgeschrieben, noch f\u00fcr einen Vertragsabschluss erforderlich. Sie sind zur Bereitstellung der Daten nicht verpflichtet. Eine Nichtbereitstellung hat keine Folgen. Dies gilt nur soweit bei den nachfolgenden Verarbeitungsvorg\u00e4ngen keine anderweitige Angabe gemacht wird. &#8222;Personenbezogene Daten&#8220; sind alle Informationen, [&hellip;]<\/p>\n","protected":false},"author":1,"featured_media":0,"parent":0,"menu_order":0,"comment_status":"closed","ping_status":"closed","template":"","meta":{"ngg_post_thumbnail":0,"footnotes":""},"_links":{"self":[{"href":"https:\/\/www.metzgerei-schaufler.de\/index.php?rest_route=\/wp\/v2\/pages\/280"}],"collection":[{"href":"https:\/\/www.metzgerei-schaufler.de\/index.php?rest_route=\/wp\/v2\/pages"}],"about":[{"href":"https:\/\/www.metzgerei-schaufler.de\/index.php?rest_route=\/wp\/v2\/types\/page"}],"author":[{"embeddable":true,"href":"https:\/\/www.metzgerei-schaufler.de\/index.php?rest_route=\/wp\/v2\/users\/1"}],"replies":[{"embeddable":true,"href":"https:\/\/www.metzgerei-schaufler.de\/index.php?rest_route=%2Fwp%2Fv2%2Fcomments&post=280"}],"version-history":[{"count":3,"href":"https:\/\/www.metzgerei-schaufler.de\/index.php?rest_route=\/wp\/v2\/pages\/280\/revisions"}],"predecessor-version":[{"id":308,"href":"https:\/\/www.metzgerei-schaufler.de\/index.php?rest_route=\/wp\/v2\/pages\/280\/revisions\/308"}],"wp:attachment":[{"href":"https:\/\/www.metzgerei-schaufler.de\/index.php?rest_route=%2Fwp%2Fv2%2Fmedia&parent=280"}],"curies":[{"name":"wp","href":"https:\/\/api.w.org\/{rel}","templated":true}]}}