{"id":186,"date":"2014-02-24T15:58:38","date_gmt":"2014-02-24T13:58:38","guid":{"rendered":"http:\/\/www.metzgerei-schaufler.de\/?page_id=186"},"modified":"2018-05-10T11:10:10","modified_gmt":"2018-05-10T09:10:10","slug":"impressum","status":"publish","type":"page","link":"https:\/\/www.metzgerei-schaufler.de\/?page_id=186","title":{"rendered":"Impressum"},"content":{"rendered":"<p><strong>Gesetzliche Anbieterkennung:<\/p>\n<p>Schaufler GmbH<br \/>\ndiese vertreten durch den Gesch\u00e4ftsf\u00fchrer Michaela Schaufler<br \/>\nZeller Str. 25<br \/>\n77654 Offenburg<br \/>\nDeutschland<br \/>\nTelefon: 0781 2508740<br \/>\nTelefax: 0781 2508741<br \/>\nE-Mail: info@schwarzwaldmetzgerei.com<br \/>\nUSt-IdNr.: DE 230985539<\/strong><br \/>\n<strong>eingetragen im Handelsregister des Amtsgerichtes Freiburg<br \/>\nHandelsregisternummer HRB 472257<\/strong><\/p>\n<p><strong>Alternative Streitbeilegung:<\/strong><br \/>\nDie Europ\u00e4ische Kommission stellt eine Plattform f\u00fcr die au\u00dfergerichtliche Online-Streitbeilegung (OS-Plattform) bereit, aufrufbar unter <a href=\"https:\/\/ec.europa.eu\/odr\" target=\"_blank\" rel=\"noopener\">https:\/\/ec.europa.eu\/odr<\/a>.<\/p>\n<p><strong>Wir sind seit&nbsp;<\/strong><strong>12.03.2016&nbsp;<\/strong><strong>Mitglied der Initiative &#8222;FairCommerce&#8220;.<\/strong><br \/>\nN\u00e4here Informationen hierzu finden Sie unter www.fair-commerce.de.<\/p>\n","protected":false},"excerpt":{"rendered":"<p>Gesetzliche Anbieterkennung: Schaufler GmbH diese vertreten durch den Gesch\u00e4ftsf\u00fchrer Michaela Schaufler Zeller Str. 25 77654 Offenburg Deutschland Telefon: 0781 2508740 Telefax: 0781 2508741 E-Mail: info@schwarzwaldmetzgerei.com USt-IdNr.: DE 230985539 eingetragen im Handelsregister des Amtsgerichtes Freiburg Handelsregisternummer HRB 472257 Alternative Streitbeilegung: Die Europ\u00e4ische Kommission stellt eine Plattform f\u00fcr die au\u00dfergerichtliche Online-Streitbeilegung (OS-Plattform) bereit, aufrufbar unter https:\/\/ec.europa.eu\/odr. Wir [&hellip;]<\/p>\n","protected":false},"author":1,"featured_media":0,"parent":0,"menu_order":0,"comment_status":"closed","ping_status":"closed","template":"","meta":{"ngg_post_thumbnail":0,"footnotes":""},"_links":{"self":[{"href":"https:\/\/www.metzgerei-schaufler.de\/index.php?rest_route=\/wp\/v2\/pages\/186"}],"collection":[{"href":"https:\/\/www.metzgerei-schaufler.de\/index.php?rest_route=\/wp\/v2\/pages"}],"about":[{"href":"https:\/\/www.metzgerei-schaufler.de\/index.php?rest_route=\/wp\/v2\/types\/page"}],"author":[{"embeddable":true,"href":"https:\/\/www.metzgerei-schaufler.de\/index.php?rest_route=\/wp\/v2\/users\/1"}],"replies":[{"embeddable":true,"href":"https:\/\/www.metzgerei-schaufler.de\/index.php?rest_route=%2Fwp%2Fv2%2Fcomments&post=186"}],"version-history":[{"count":2,"href":"https:\/\/www.metzgerei-schaufler.de\/index.php?rest_route=\/wp\/v2\/pages\/186\/revisions"}],"predecessor-version":[{"id":279,"href":"https:\/\/www.metzgerei-schaufler.de\/index.php?rest_route=\/wp\/v2\/pages\/186\/revisions\/279"}],"wp:attachment":[{"href":"https:\/\/www.metzgerei-schaufler.de\/index.php?rest_route=%2Fwp%2Fv2%2Fmedia&parent=186"}],"curies":[{"name":"wp","href":"https:\/\/api.w.org\/{rel}","templated":true}]}}