{"id":117,"date":"2014-02-21T21:41:41","date_gmt":"2014-02-21T19:41:41","guid":{"rendered":"http:\/\/www.metzgerei-schaufler.de\/?page_id=117"},"modified":"2023-06-15T07:49:52","modified_gmt":"2023-06-15T05:49:52","slug":"ueber-uns","status":"publish","type":"page","link":"https:\/\/www.metzgerei-schaufler.de\/?page_id=117","title":{"rendered":"\u00dcber uns"},"content":{"rendered":"<p>Qualit\u00e4t und Frische stehen f\u00fcr uns an erster Stelle. Als einzige Metzgerei produzieren wir noch an Ort und Stelle in der Offenburger Oststadt. Mit modernen Maschinen und viel Liebe zum Detail werden unsere Produkte st\u00e4ndig frisch produziert. Gerne k\u00f6nnen Sie unsere R\u00e4ume besichtigen &#8211; vereinbaren Sie einfach ein Treffen mit uns!<\/p>\n<p><a href=\"https:\/\/www.metzgerei-schaufler.de\/wp-content\/uploads\/2020\/01\/2017_02_10_Metzgerei_Schaufler_016_4350-scaled-e1578836130356.jpg\"><img loading=\"lazy\" decoding=\"async\" class=\"size-full wp-image-317 aligncenter\" src=\"https:\/\/www.metzgerei-schaufler.de\/wp-content\/uploads\/2020\/01\/2017_02_10_Metzgerei_Schaufler_016_4350-scaled-e1578836130356.jpg\" alt=\"\" width=\"450\" height=\"300\"><\/a><\/p>\n<p>Ein Ladengesch\u00e4ft haben wir nicht mehr. Wir konzentrieren uns voll und ganz auf unser Internet-Gesch\u00e4ft. So finden Sie uns in ebay, Amazon und mit unserem eigenen Online Shop auf <a title=\"Schwarzwald Metzgerei\" href=\"http:\/\/www.schwarzwaldmetzgerei.com\" target=\"_blank\" rel=\"noopener noreferrer\">www.schwarzwaldmetzgerei.com<\/a><\/p>\n<p>St\u00e4ndig erg\u00e4nzen wir unser Sortiment an lokalen Produkten mit unseren Partnern. So f\u00fchren wir Spirituosen, handwerklich hergestellter Gourmet Senf, Schokolade und vieles mehr.<\/p>\n<p>T\u00e4glich optimieren wir unseren Betrieb mit Herz und Verstand und vor allem mit R\u00fccksicht auf die Qualit\u00e4t. Dazu geh\u00f6rt auch, dass unsere Produkte mit so wenig Zusatzstoffen wie m\u00f6glich auskommen.<\/p>\n<p>Ihre Schwarzwald Metzgerei Schaufler<\/p>\n<p>Michaela Schaufler<\/p>\n","protected":false},"excerpt":{"rendered":"<p>Qualit\u00e4t und Frische stehen f\u00fcr uns an erster Stelle. Als einzige Metzgerei produzieren wir noch an Ort und Stelle in der Offenburger Oststadt. Mit modernen Maschinen und viel Liebe zum Detail werden unsere Produkte st\u00e4ndig frisch produziert. Gerne k\u00f6nnen Sie unsere R\u00e4ume besichtigen &#8211; vereinbaren Sie einfach ein Treffen mit uns! Ein Ladengesch\u00e4ft haben wir [&hellip;]<\/p>\n","protected":false},"author":1,"featured_media":0,"parent":0,"menu_order":0,"comment_status":"closed","ping_status":"closed","template":"","meta":{"ngg_post_thumbnail":0,"footnotes":""},"_links":{"self":[{"href":"https:\/\/www.metzgerei-schaufler.de\/index.php?rest_route=\/wp\/v2\/pages\/117"}],"collection":[{"href":"https:\/\/www.metzgerei-schaufler.de\/index.php?rest_route=\/wp\/v2\/pages"}],"about":[{"href":"https:\/\/www.metzgerei-schaufler.de\/index.php?rest_route=\/wp\/v2\/types\/page"}],"author":[{"embeddable":true,"href":"https:\/\/www.metzgerei-schaufler.de\/index.php?rest_route=\/wp\/v2\/users\/1"}],"replies":[{"embeddable":true,"href":"https:\/\/www.metzgerei-schaufler.de\/index.php?rest_route=%2Fwp%2Fv2%2Fcomments&post=117"}],"version-history":[{"count":6,"href":"https:\/\/www.metzgerei-schaufler.de\/index.php?rest_route=\/wp\/v2\/pages\/117\/revisions"}],"predecessor-version":[{"id":347,"href":"https:\/\/www.metzgerei-schaufler.de\/index.php?rest_route=\/wp\/v2\/pages\/117\/revisions\/347"}],"wp:attachment":[{"href":"https:\/\/www.metzgerei-schaufler.de\/index.php?rest_route=%2Fwp%2Fv2%2Fmedia&parent=117"}],"curies":[{"name":"wp","href":"https:\/\/api.w.org\/{rel}","templated":true}]}}